{"id":37338,"date":"2022-06-23T18:05:07","date_gmt":"2022-06-23T16:05:07","guid":{"rendered":"https:\/\/fuerstenwalde-moebliert.de\/404-error-uuuhps-ale-nie-jest-zle\/"},"modified":"2023-01-09T11:51:58","modified_gmt":"2023-01-09T10:51:58","slug":"404-error-uuuhps-ale-nie-jest-zle","status":"publish","type":"page","link":"https:\/\/fuerstenwalde-moebliert.de\/pl\/404-error-uuuhps-ale-nie-jest-zle\/","title":{"rendered":"404 Error &#8211; uuuhps, ale nie jest \u017ale!"},"content":{"rendered":"<div  class='flex_column av-ig7y8d-f9e6d6d21ae240c6012d45a3a1c86840 av_one_full  avia-builder-el-0  el_before_av_one_full  avia-builder-el-first  first flex_column_div  '     ><section  class='av_textblock_section av-l4r7sjtb-d9ea96166b1f683ff6ecc3e71d166c47 '   itemscope=\"itemscope\" itemtype=\"https:\/\/schema.org\/CreativeWork\" ><div class='avia_textblock'  itemprop=\"text\" ><p>Oooops, to nie powinno mie\u0107 miejsca. Tekkie nazywa to &#8222;404&#8221;, gdy link prowadzi do strony, kt\u00f3ra nie istnieje (ju\u017c).<\/p>\n<p>Najlepiej zajrze\u0107 na <a href=\"https:\/\/fuerstenwalde-moebliert.de\/pl\/\">stron\u0119 g\u0142\u00f3wn\u0105 mieszka\u0144 i pokoi motelowych w F\u00fcrstenwalde<\/a>. Znajdziesz je wymienione indywidualnie na dole.<\/p>\n<\/div><\/section><\/div>\n<div  class='flex_column av-av_one_full-a961ec8c42a44a397321d1a2224da3ca av_one_full  avia-builder-el-2  el_after_av_one_full  avia-builder-el-last  first flex_column_div  column-top-margin'     ><\/div>\n","protected":false},"excerpt":{"rendered":"","protected":false},"author":1,"featured_media":36643,"parent":0,"menu_order":0,"comment_status":"closed","ping_status":"closed","template":"","meta":{"footnotes":""},"class_list":["post-37338","page","type-page","status-publish","has-post-thumbnail","hentry"],"_links":{"self":[{"href":"https:\/\/fuerstenwalde-moebliert.de\/pl\/wp-json\/wp\/v2\/pages\/37338","targetHints":{"allow":["GET"]}}],"collection":[{"href":"https:\/\/fuerstenwalde-moebliert.de\/pl\/wp-json\/wp\/v2\/pages"}],"about":[{"href":"https:\/\/fuerstenwalde-moebliert.de\/pl\/wp-json\/wp\/v2\/types\/page"}],"author":[{"embeddable":true,"href":"https:\/\/fuerstenwalde-moebliert.de\/pl\/wp-json\/wp\/v2\/users\/1"}],"replies":[{"embeddable":true,"href":"https:\/\/fuerstenwalde-moebliert.de\/pl\/wp-json\/wp\/v2\/comments?post=37338"}],"version-history":[{"count":1,"href":"https:\/\/fuerstenwalde-moebliert.de\/pl\/wp-json\/wp\/v2\/pages\/37338\/revisions"}],"predecessor-version":[{"id":37339,"href":"https:\/\/fuerstenwalde-moebliert.de\/pl\/wp-json\/wp\/v2\/pages\/37338\/revisions\/37339"}],"wp:featuredmedia":[{"embeddable":true,"href":"https:\/\/fuerstenwalde-moebliert.de\/pl\/wp-json\/wp\/v2\/media\/36643"}],"wp:attachment":[{"href":"https:\/\/fuerstenwalde-moebliert.de\/pl\/wp-json\/wp\/v2\/media?parent=37338"}],"curies":[{"name":"wp","href":"https:\/\/api.w.org\/{rel}","templated":true}]}}