{"id":38121,"date":"2023-11-05T13:55:59","date_gmt":"2023-11-05T12:55:59","guid":{"rendered":"https:\/\/fuerstenwalde-moebliert.de\/gtc\/"},"modified":"2024-12-30T12:42:00","modified_gmt":"2024-12-30T11:42:00","slug":"gtc","status":"publish","type":"page","link":"https:\/\/fuerstenwalde-moebliert.de\/hu\/gtc\/","title":{"rendered":"GTC"},"content":{"rendered":"<div  class='flex_column av-1qg5lnk-5afe6a14328d715735945717425f944b av_one_half  avia-builder-el-0  el_before_av_one_half  avia-builder-el-first  first flex_column_div  '     ><section  class='av_textblock_section av-lolh0919-cfc19bf33575a226d8b6588e74f7b095 '   itemscope=\"itemscope\" itemtype=\"https:\/\/schema.org\/CreativeWork\" ><div class='avia_textblock'  itemprop=\"text\" ><h2><strong>\u00c1ltal\u00e1nos Szerz\u0151d\u00e9si Felt\u00e9telek<\/strong><\/h2>\n<h3><strong>B\u00fatorozott lak\u00e1sok b\u00e9rbead\u00e1sa eset\u00e9n<\/strong><\/h3>\n<p>Ezek az \u00c1ltal\u00e1nos Szerz\u0151d\u00e9si Felt\u00e9telek a b\u00fatorozott lak\u00e1s b\u00e9rl\u00e9s\u00e9re vonatkoznak a k\u00f6vetkez\u0151kn\u00e9l<\/p>\n<p>J\u00f6rn Seidenschnur, Seepromenade 60, 14476 Potsdam &#8211; a tov\u00e1bbiakban: &#8222;b\u00e9rbead\u00f3&#8221;, \u00e9s b\u00e9rl\u0151k, akik egy vagy t\u00f6bb b\u00fatorozott lak\u00e1st b\u00e9relnek ideiglenesen.<\/p>\n<p>Az \u00c1SZF rendelkez\u00e9seit kell alkalmazni, hacsak \u00edr\u00e1sban m\u00e1sk\u00e9nt nem \u00e1llapodtak meg.<\/p>\n<\/div><\/section><\/div>\n<div  class='flex_column av-1anzn28-676d6e8f41fc6c3453aa18182b3f754d av_one_half  avia-builder-el-2  el_after_av_one_half  el_before_av_one_full  flex_column_div  '     ><style type=\"text\/css\" data-created_by=\"avia_inline_auto\" id=\"style-css-av-lolgyzc6-4473b972f7634d62e6e73776d3fbc20a\">\n.avia-image-container.av-lolgyzc6-4473b972f7634d62e6e73776d3fbc20a img.avia_image{\nbox-shadow:none;\n}\n.avia-image-container.av-lolgyzc6-4473b972f7634d62e6e73776d3fbc20a .av-image-caption-overlay-center{\ncolor:#ffffff;\n}\n<\/style>\n<div  class='avia-image-container av-lolgyzc6-4473b972f7634d62e6e73776d3fbc20a av-styling- avia-align-center  avia-builder-el-3  avia-builder-el-no-sibling '   itemprop=\"image\" itemscope=\"itemscope\" itemtype=\"https:\/\/schema.org\/ImageObject\" ><div class=\"avia-image-container-inner\"><div class=\"avia-image-overlay-wrap\"><img decoding=\"async\" fetchpriority=\"high\" class='wp-image-36276 avia-img-lazy-loading-not-36276 avia_image ' src=\"https:\/\/fuerstenwalde-moebliert.de\/wp-content\/uploads\/2021\/07\/20210709-_7R34112-HDR-1024x683.jpg\" alt='' title='20210709-_7R34112-HDR'  height=\"683\" width=\"1024\"  itemprop=\"thumbnailUrl\" srcset=\"https:\/\/fuerstenwalde-moebliert.de\/wp-content\/uploads\/2021\/07\/20210709-_7R34112-HDR-1024x683.jpg 1024w, https:\/\/fuerstenwalde-moebliert.de\/wp-content\/uploads\/2021\/07\/20210709-_7R34112-HDR-300x200.jpg 300w, https:\/\/fuerstenwalde-moebliert.de\/wp-content\/uploads\/2021\/07\/20210709-_7R34112-HDR-768x512.jpg 768w, https:\/\/fuerstenwalde-moebliert.de\/wp-content\/uploads\/2021\/07\/20210709-_7R34112-HDR-1536x1025.jpg 1536w, https:\/\/fuerstenwalde-moebliert.de\/wp-content\/uploads\/2021\/07\/20210709-_7R34112-HDR-2048x1366.jpg 2048w, https:\/\/fuerstenwalde-moebliert.de\/wp-content\/uploads\/2021\/07\/20210709-_7R34112-HDR-240x160.jpg 240w, https:\/\/fuerstenwalde-moebliert.de\/wp-content\/uploads\/2021\/07\/20210709-_7R34112-HDR-scaled.jpg 1920w\" sizes=\"(max-width: 1024px) 100vw, 1024px\" \/><\/div><\/div><\/div><\/div>\n<div  class='flex_column av-25f61s-d2d3ed06769e2905e224c60626d55ade av_one_full  avia-builder-el-4  el_after_av_one_half  avia-builder-el-last  first flex_column_div  column-top-margin'     ><section  class='av_textblock_section av-lolh5o4z-4cfd9e1baad6b3b165d3a5496d792c35 '   itemscope=\"itemscope\" itemtype=\"https:\/\/schema.org\/CreativeWork\" ><div class='avia_textblock'  itemprop=\"text\" ><h3><strong>  1 B\u00e9rlem\u00e9ny \u00e9s kulcs<\/strong><\/h3>\n<p>(1) A b\u00e9rbead\u00f3 b\u00e9rbe ad a b\u00e9rl\u0151nek egy teljes \u00f6n\u00e1ll\u00f3 lak\u00e1st (&#8222;b\u00e9rlem\u00e9ny&#8221;), amelyet a b\u00e9rleti szerz\u0151d\u00e9sben vagy a sz\u00e1ml\u00e1n felt\u00fcntetnek.<\/p>\n<p>(2) A sz\u00e1ll\u00e1shelyet meghat\u00e1rozott sz\u00e1m\u00fa szem\u00e9ly r\u00e9sz\u00e9re adj\u00e1k b\u00e9rbe. A 3 \u00e9ves \u00e9s id\u0151sebb gyermekek teljes szem\u00e9lynek sz\u00e1m\u00edtanak. T\u00falfoglal\u00e1s eset\u00e9n a b\u00e9rbead\u00f3 jogosult a teljes b\u00e9rleti id\u0151szakra vonatkoz\u00f3an \u00e9jszak\u00e1nk\u00e9nt 50 EUR d\u00edjat felsz\u00e1m\u00edtani minden egyes jogosulatlan vend\u00e9g ut\u00e1n. A b\u00e9rbead\u00f3 egy\u00e9b jogait, k\u00fcl\u00f6n\u00f6sen a szerz\u0151d\u00e9s rendk\u00edv\u00fcli felmond\u00e1s\u00e1t a meg\u00e1llapod\u00e1sban foglalt felt\u00e9telek megs\u00e9rt\u00e9se miatt, ez nem \u00e9rinti.   <\/p>\n<p>(3) A b\u00e9rlem\u00e9ny nemdoh\u00e1nyz\u00f3 ingatlan. A doh\u00e1nyz\u00e1s szigor\u00faan tilos mind a lak\u00e1sban, mind a folyos\u00f3n. A doh\u00e1nyz\u00e1si tilalom megszeg\u00e9se eset\u00e9n a b\u00e9rbead\u00f3 jogosult a k\u00fcl\u00f6n el\u0151\u00edrt takar\u00edt\u00e1si k\u00f6lts\u00e9geket, legal\u00e1bb brutt\u00f3 250 EUR-t felsz\u00e1m\u00edtani. Tov\u00e1bbi k\u00e1rt\u00e9r\u00edt\u00e9si ig\u00e9nyek \u00e9rv\u00e9nyes\u00edthet\u0151k, k\u00fcl\u00f6n\u00f6sen a berendez\u00e9si t\u00e1rgyak cser\u00e9je vagy m\u00e1s b\u00e9rleti jogviszonyok megszak\u00edt\u00e1sa miatt.<\/p>\n<p>(4) H\u00e1zi\u00e1llatok nem enged\u00e9lyezettek.<\/p>\n<p>(5) A b\u00e9rlem\u00e9ny teljesen felszerelt \u00e9s berendezett. \u00c1gynem\u0171t biztos\u00edtunk (1x konfekcion\u00e1lt \u00e9s 1 x tartal\u00e9k a szekr\u00e9nyben). T\u00f6r\u00f6lk\u00f6z\u0151t nem biztos\u00edtunk. <\/p>\n<p>(6) Sz\u00fcks\u00e9g eset\u00e9n meg\u00e1llapod\u00e1s sz\u00fcletik a k\u00f6z\u00f6ss\u00e9gi l\u00e9tes\u00edtm\u00e9nyek k\u00f6z\u00f6s haszn\u00e1lat\u00e1r\u00f3l, k\u00fcl\u00f6n\u00f6sen a k\u00f6z\u00f6ss\u00e9gi ter\u00fcleten tal\u00e1lhat\u00f3 k\u00f6z\u00f6s mos\u00f3g\u00e9pek \u00e9s sz\u00e1r\u00edt\u00f3g\u00e9pek k\u00f6z\u00f6s haszn\u00e1lat\u00e1r\u00f3l. A b\u00e9rbead\u00f3 nem v\u00e1llal felel\u0151ss\u00e9get a haszn\u00e1lat\u00e9rt, k\u00fcl\u00f6n\u00f6sen nem a k\u00f6z\u00f6s helyis\u00e9gekben t\u00e1rolt ruhadarabok biztons\u00e1g\u00e1\u00e9rt a mos\u00e1si folyamat sor\u00e1n.<\/p>\n<p>(7) \u00c9rkez\u00e9skor a b\u00e9rl\u0151 megkapja a bej\u00e1rati ajt\u00f3 kulcs\u00e1t \u00e9s a lak\u00e1skulcsot a b\u00e9relt ingatlanban val\u00f3 tart\u00f3zkod\u00e1s\u00e1nak idej\u00e9re. A kulcs elveszt\u00e9se \u00f6nk\u00f6lts\u00e9gi \u00e1ron ker\u00fcl felsz\u00e1m\u00edt\u00e1sra (k\u00fcl\u00f6n\u00f6sen a z\u00e1rrendszerek eset\u00e9ben), de legal\u00e1bb 150 eur\u00f3 kulcsonk\u00e9nt.<\/p>\n<p>(8) A b\u00e9rbead\u00f3 nem v\u00e9gez takar\u00edt\u00e1st a tart\u00f3zkod\u00e1s ideje alatt.<\/p>\n<p>(9) A b\u00e9rleti szerz\u0151d\u00e9s vagy a mindk\u00e9t f\u00e9l \u00e1ltal al\u00e1\u00edrt b\u00e9rleti szerz\u0151d\u00e9ssel, vagy a vend\u00e9g \u00e1ltal al\u00e1\u00edrt sz\u00e1ml\u00e1val \u00e9s foglal\u00e1si visszaigazol\u00e1ssal j\u00f6n l\u00e9tre. A foglal\u00e1si visszaigazol\u00e1ssal t\u00f6rt\u00e9n\u0151 b\u00e9rleti szerz\u0151d\u00e9s akkor v\u00e1lik \u00e9rv\u00e9nyess\u00e9, ha a b\u00e9rl\u0151 a b\u00e9rbead\u00f3 \u00e1ltal k\u00fcld\u00f6tt foglal\u00e1si visszaigazol\u00e1st \u00e9s sz\u00e1ml\u00e1t 48 \u00f3r\u00e1n bel\u00fcl al\u00e1\u00edrta \u00e9s a b\u00e9rbead\u00f3nak elk\u00fcldte, vagy a teljes b\u00e9rleti id\u0151szakra, de legal\u00e1bb az els\u0151 h\u00f3napra j\u00e1r\u00f3 teljes \u00f6sszeget \u00e1tutalta. <\/p>\n<h3><strong>  2 B\u00e9rleti id\u0151szak, \u00e9rkez\u00e9s \u00e9s t\u00e1voz\u00e1s<\/strong><\/h3>\n<p>(1) A lak\u00e1s csak ideiglenes haszn\u00e1latra ker\u00fcl b\u00e9rbead\u00e1sra a BGB 549. \u00a7 (2) bekezd\u00e9s\u00e9nek 1. pontja szerint. A b\u00e9rbead\u00f3 a b\u00e9rlem\u00e9nyt csak ideiglenes haszn\u00e1latra adja b\u00e9rbe. A b\u00e9rl\u0151nek olyan \u00e1tmeneti k\u00fcl\u00f6nleges ig\u00e9nye van, amelyet a BGB 549. \u00a7 (2) bekezd\u00e9s\u00e9nek 1. pontja szerinti teljesen berendezett b\u00e9rlem\u00e9ny b\u00e9rbead\u00e1s\u00e1val kell kiel\u00e9g\u00edteni. A b\u00e9rl\u0151 a lak\u00f3hely\u00e9n k\u00edv\u00fcl es\u0151 ideiglenes munkav\u00e9gz\u00e9s miatt igazolja ideiglenes k\u00fcl\u00f6nleges sz\u00fcks\u00e9glet\u00e9t. A min\u0151s\u00edtett ideiglenes b\u00e9rleti szerz\u0151d\u00e9st egyik f\u00e9l sem mondhatja fel. A b\u00e9rl\u0151nek azonban lehet\u0151s\u00e9g van az id\u0151 el\u0151tti felmond\u00e1sra. Ez nem \u00e9rinti a BGB 543. \u00a7-a szerinti rendk\u00edv\u00fcli felmond\u00e1s lehet\u0151s\u00e9g\u00e9t. Ha a b\u00e9rl\u0151 a b\u00e9rleti id\u0151szak lej\u00e1rta ut\u00e1n is haszn\u00e1lja a b\u00e9relt ingatlant, a b\u00e9rleti jogviszony nem min\u0151s\u00fcl meghosszabb\u00edtottnak. A BGB 545. \u00a7-a nem alkalmazand\u00f3. A b\u00e9rleti jogviszony lej\u00e1rta ut\u00e1n t\u00f6rt\u00e9n\u0151 folytat\u00e1s\u00e1r\u00f3l vagy meg\u00faj\u00edt\u00e1s\u00e1r\u00f3l \u00edr\u00e1sban kell meg\u00e1llapodni. (2) A b\u00e9rlem\u00e9nyt hat\u00e1rozott id\u0151re adj\u00e1k b\u00e9rbe. (3) Az \u00e9rkez\u00e9s legkor\u00e1bban az \u00e9rkez\u00e9s napj\u00e1n 17.00 \u00f3rakor t\u00f6rt\u00e9nhet, hacsak \u00edr\u00e1sban m\u00e1sk\u00e9nt nem \u00e1llapodtak meg. (4) Az elutaz\u00e1snak legk\u00e9s\u0151bb a t\u00e1voz\u00e1s napj\u00e1n 10.00 \u00f3r\u00e1ig kell megt\u00f6rt\u00e9nnie, hacsak \u00edr\u00e1sban m\u00e1sk\u00e9nt nem \u00e1llapodtak meg. (5) A b\u00e9rleti id\u0151szak v\u00e9g\u00e9n a b\u00e9rl\u0151 k\u00f6teles a b\u00e9rlem\u00e9nyt ki\u00fcr\u00edteni \u00e9s azt tiszta \u00e9s rendezett \u00e1llapotban a b\u00e9rbead\u00f3nak vagy a kezel\u0151nek \u00e1tadni, valamint a kulcsokat a b\u00e9rbead\u00f3nak\/kezel\u0151nek \u00e1tadni.     <\/p>\n<h3><strong>  3 B\u00e9rleti d\u00edj<\/strong><\/h3>\n<p>(1) A meg\u00e1llap\u00edtott b\u00e9rleti d\u00edj tartalmazza a t\u00f6rv\u00e9nyes hozz\u00e1adott\u00e9rt\u00e9k-ad\u00f3t (jelenleg 7%-kal cs\u00f6kkentett).<\/p>\n<p>(2) A v\u00e9gtakar\u00edt\u00e1s\u00e9rt egyszeri d\u00edj sz\u00e1m\u00edthat\u00f3 fel.<\/p>\n<p>(3) K\u00e9r\u00e9sre a b\u00e9rbead\u00f3 \u00e1f\u00e1val ell\u00e1tott sz\u00e1ml\u00e1t \u00e1ll\u00edt ki.<\/p>\n<h3><strong>  4 Fizet\u00e9si m\u00f3dok  <\/strong><\/h3>\n<p>(1) A b\u00e9rleti d\u00edj a b\u00e9rleti szerz\u0151d\u00e9s al\u00e1\u00edr\u00e1s\u00e1t k\u00f6vet\u0151en teljes eg\u00e9sz\u00e9ben esed\u00e9kes, kiv\u00e9ve, ha \u00edr\u00e1sban m\u00e1sk\u00e9nt nem \u00e1llapodtak meg.<\/p>\n<p>(2) Ha a b\u00e9rl\u0151 14 napot meghalad\u00f3 fizet\u00e9si k\u00e9sedelembe esik, a b\u00e9rbead\u00f3 jogosult a szerz\u0151d\u00e9st hat\u00e1rid\u0151 n\u00e9lk\u00fcl felmondani \u00e9s a b\u00e9rlem\u00e9nyt m\u00e1s b\u00e9rl\u0151nek b\u00e9rbe adni. A fizet\u00e9s be\u00e9rkez\u00e9s\u00e9nek id\u0151pontja a m\u00e9rvad\u00f3.<\/p>\n<p>(3) Ha a b\u00e9rleti id\u0151szak kezdet\u00e9nek napj\u00e1n a b\u00e9rbead\u00f3 sz\u00e1ml\u00e1j\u00e1ra m\u00e9g nem \u00e9rkezett meg a fizet\u00e9s, a b\u00e9rbead\u00f3nak joga van megtagadni a bel\u00e9p\u00e9st.<\/p>\n<h3><strong>  5 Vend\u00e9gadatok (regisztr\u00e1ci\u00f3s jog)<\/strong><\/h3>\n<p>A b\u00e9rl\u0151nek legal\u00e1bb 24 \u00f3r\u00e1val a b\u00e9rleti id\u0151szak kezdete el\u0151tt k\u00f6z\u00f6lnie kell a b\u00e9rbead\u00f3val az \u00f6sszes vend\u00e9g adatait, amelyeket a b\u00e9rbead\u00f3nak a n\u00e9met jogszab\u00e1lyoknak megfelel\u0151en dokument\u00e1lnia kell. Ez (minden vend\u00e9g sz\u00e1m\u00e1ra):<\/p>\n<ul>\n<li>Keresztn\u00e9v, vezet\u00e9kn\u00e9v<\/li>\n<li>Sz\u00fclet\u00e9si d\u00e1tum, sz\u00fclet\u00e9si hely<\/li>\n<li>\u00c1llampolg\u00e1rs\u00e1g<\/li>\n<li>Lakc\u00edm<\/li>\n<li>Szem\u00e9lyazonos\u00edt\u00f3 igazolv\u00e1ny sz\u00e1ma<\/li>\n<\/ul>\n<p>A n\u00e9met \u00e1llampolg\u00e1rs\u00e1g\u00fa vend\u00e9geknek ezen k\u00edv\u00fcl be kell mutatniuk a szem\u00e9lyi igazolv\u00e1ny vagy \u00fatlev\u00e9l m\u00e1solat\u00e1t. K\u00fclf\u00f6ldi vend\u00e9gek eset\u00e9ben, bele\u00e9rtve az uni\u00f3s orsz\u00e1gokat is, minden szem\u00e9lyazonos\u00edt\u00f3 igazolv\u00e1nynak f\u00e9nym\u00e1solatban kell rendelkez\u00e9sre \u00e1llnia.<\/p>\n<p>Jogi okokb\u00f3l a b\u00e9rbead\u00f3 nem adhat hozz\u00e1f\u00e9r\u00e9st a b\u00e9relt lak\u00e1shoz, am\u00edg ezeket az adatokat nem dokument\u00e1lt\u00e1k. A b\u00e9rl\u0151nek biztos\u00edtania kell, hogy minden vend\u00e9gr\u0151l minden inform\u00e1ci\u00f3 rendelkez\u00e9sre \u00e1lljon.<\/p>\n<h3>6 A szerz\u0151d\u00e9st\u0151l val\u00f3 el\u00e1ll\u00e1s \u00e9s a tart\u00f3zkod\u00e1s lemond\u00e1sa<\/h3>\n<p>(1) A b\u00e9rl\u0151 a b\u00e9rleti szerz\u0151d\u00e9st\u0151l a b\u00e9rleti jogviszony kezdete el\u0151tt a b\u00e9rbead\u00f3hoz int\u00e9zett \u00edr\u00e1sbeli nyilatkozattal el\u00e1llhat. A felmond\u00e1s b\u00e9rbead\u00f3 \u00e1ltali k\u00e9zhezv\u00e9tel\u00e9nek id\u0151pontja a m\u00e9rvad\u00f3. Ha a b\u00e9rl\u0151 felmondja a b\u00e9rleti szerz\u0151d\u00e9st, a b\u00e9rbead\u00f3nak a m\u00e1r felmer\u00fclt k\u00f6lts\u00e9gek\u00e9rt \u00e9s az elmaradt haszon\u00e9rt egy\u00f6sszeg\u0171 k\u00e1rt\u00e9r\u00edt\u00e9st kell fizetnie a k\u00f6vetkez\u0151 \u00f6sszegben:<\/p>\n<p>Lemond\u00e1s<\/p>\n<p>&#8211; a b\u00e9rleti id\u0151szak kezdete el\u0151tt 49 nappal: a b\u00e9rleti d\u00edj 50 %-a.<\/p>\n<p>&#8211; a b\u00e9rleti id\u0151szak kezdete el\u0151tt 14 nappal: a b\u00e9rleti d\u00edj 80 %-a.<\/p>\n<p>&#8211; ezt k\u00f6vet\u0151en \u00e9s meg nem jelen\u00e9s eset\u00e9n: a b\u00e9rleti d\u00edj 90 %-a.<\/p>\n<p>(2) Ha a b\u00e9rl\u0151 id\u0151 el\u0151tt lemondja a tart\u00f3zkod\u00e1st, tov\u00e1bbra is k\u00f6teles a teljes b\u00e9rleti d\u00edjat megfizetni.<\/p>\n<p>(3) A t\u00f6rv\u00e9nyes felmond\u00e1si \u00e9s megsz\u00fcntet\u00e9si lehet\u0151s\u00e9geket ez nem \u00e9rinti.<\/p>\n<h3>7 Gondoskod\u00e1si k\u00f6telezetts\u00e9g<\/h3>\n<p>(1) A b\u00e9rl\u0151 v\u00e1llalja, hogy a b\u00e9rlem\u00e9nyt \u00e9s a lelt\u00e1rt a lehet\u0151 legnagyobb gondoss\u00e1ggal kezeli. A berendez\u00e9si t\u00e1rgyakban, a b\u00e9relt helyis\u00e9gekben vagy az \u00e9p\u00fcletben \u00e9s a kapcsol\u00f3d\u00f3 l\u00e9tes\u00edtm\u00e9nyekben v\u00e9tkesen okozott k\u00e1rt a b\u00e9rl\u0151nek kell megt\u00e9r\u00edtenie, ha \u00e9s amennyiben azt \u0151 vagy az \u0151t k\u00eds\u00e9r\u0151 szem\u00e9lyek vagy l\u00e1togat\u00f3k v\u00e9tkesen okozt\u00e1k.<\/p>\n<p>(2) A b\u00e9rl\u0151 k\u00f6teles a berendez\u00e9s teljess\u00e9g\u00e9t \u00e9s haszn\u00e1lhat\u00f3s\u00e1g\u00e1t \u00e9rkez\u00e9skor ellen\u0151rizni, \u00e9s az esetleges panaszokat a b\u00e9rbead\u00f3nak\/\u00fczemeltet\u0151nek megfelel\u0151 form\u00e1ban halad\u00e9ktalanul jelezni. Ez vonatkozik a b\u00e9rleti id\u0151szak alatt bek\u00f6vetkezett k\u00e1rokra is.<\/p>\n<p>(3) A b\u00e9rl\u0151 v\u00e1llalja a h\u00e1zirend betart\u00e1s\u00e1t. Ezt a szerz\u0151d\u00e9s megk\u00f6t\u00e9sekor adj\u00e1k \u00e1t a b\u00e9rl\u0151nek. K\u00fcl\u00f6n\u00f6sen tilos a doh\u00e1nyz\u00e1s \u00e9s a p\u00e1rologtat\u00e1s (elektronikus cigaretta) minden belt\u00e9ri helyis\u00e9gben, azaz a lak\u00e1sokban \u00e9s a folyos\u00f3kon. A pihen\u0151id\u0151 22:00-t\u00f3l 07:00-ig tart, hacsak m\u00e1sk\u00e9pp nem \u00e1llapodtak meg. A p\u00e1rtok szervez\u00e9se tilos.<\/p>\n<h3>8 Szerz\u0151d\u00e9sm\u00f3dos\u00edt\u00e1sok<\/h3>\n<p>A biztos\u00edt\u00e9ki meg\u00e1llapod\u00e1sokat, a szerz\u0151d\u00e9s m\u00f3dos\u00edt\u00e1sait \u00e9s kieg\u00e9sz\u00edt\u00e9seit, valamint minden jogilag relev\u00e1ns nyilatkozatot \u00edr\u00e1sban kell megtenni.<\/p>\n<p>K\u00fcl\u00f6n\u00f6sen az e-mail vagy a telefonon k\u00fcld\u00f6tt sz\u00f6veges \u00fczenet (pl. SMS vagy WhatsApp \u00fczenet) is \u00edr\u00e1sosnak min\u0151s\u00fcl.<\/p>\n<h3>9 Elv\u00e1laszthat\u00f3s\u00e1gi z\u00e1rad\u00e9k<\/h3>\n<p>Amennyiben a jelen szerz\u0151d\u00e9s egyes rendelkez\u00e9sei \u00e9rv\u00e9nytelenek vagy v\u00e9grehajthatatlanok, vagy a szerz\u0151d\u00e9s megk\u00f6t\u00e9se ut\u00e1n v\u00e1lnak \u00e9rv\u00e9nytelenn\u00e9 vagy v\u00e9grehajthatatlann\u00e1, ez nem \u00e9rinti a szerz\u0151d\u00e9s t\u00f6bbi r\u00e9sz\u00e9nek \u00e9rv\u00e9nyess\u00e9g\u00e9t. Az \u00e9rv\u00e9nytelen vagy v\u00e9grehajthatatlan rendelkez\u00e9st olyan \u00e9rv\u00e9nyes \u00e9s v\u00e9grehajthat\u00f3 rendelkez\u00e9ssel kell helyettes\u00edteni, amelynek hat\u00e1sa a lehet\u0151 legk\u00f6zelebb \u00e1ll a szerz\u0151d\u0151 felek \u00e1ltal az \u00e9rv\u00e9nytelen vagy v\u00e9grehajthatatlan rendelkez\u00e9ssel el\u00e9rni k\u00edv\u00e1nt gazdas\u00e1gi c\u00e9lhoz.<\/p>\n<h3>10 Jogv\u00e1laszt\u00e1s \u00e9s joghat\u00f3s\u00e1g<\/h3>\n<p>A jelen \u00c1SZF \u00e9s a b\u00e9rleti szerz\u0151d\u00e9sek a N\u00e9met Sz\u00f6vets\u00e9gi K\u00f6zt\u00e1rsas\u00e1g jog\u00e1nak hat\u00e1lya al\u00e1 tartoznak. Az e szerz\u0151d\u00e9ses jogviszonyb\u00f3l ered\u0151 valamennyi jogvit\u00e1ra az a helyi b\u00edr\u00f3s\u00e1g illet\u00e9kes, amelynek k\u00f6rzet\u00e9ben a b\u00e9rbead\u00f3 \u00e1ltal\u00e1nos illet\u00e9kess\u00e9gi ter\u00fclete tal\u00e1lhat\u00f3.<\/p>\n<p>A GTC \u00e1llapota: Okt\u00f3ber 2024<\/p>\n<\/div><\/section><\/div>\n","protected":false},"excerpt":{"rendered":"","protected":false},"author":1,"featured_media":36336,"parent":0,"menu_order":0,"comment_status":"closed","ping_status":"closed","template":"","meta":{"footnotes":""},"class_list":["post-38121","page","type-page","status-publish","has-post-thumbnail","hentry"],"_links":{"self":[{"href":"https:\/\/fuerstenwalde-moebliert.de\/hu\/wp-json\/wp\/v2\/pages\/38121","targetHints":{"allow":["GET"]}}],"collection":[{"href":"https:\/\/fuerstenwalde-moebliert.de\/hu\/wp-json\/wp\/v2\/pages"}],"about":[{"href":"https:\/\/fuerstenwalde-moebliert.de\/hu\/wp-json\/wp\/v2\/types\/page"}],"author":[{"embeddable":true,"href":"https:\/\/fuerstenwalde-moebliert.de\/hu\/wp-json\/wp\/v2\/users\/1"}],"replies":[{"embeddable":true,"href":"https:\/\/fuerstenwalde-moebliert.de\/hu\/wp-json\/wp\/v2\/comments?post=38121"}],"version-history":[{"count":9,"href":"https:\/\/fuerstenwalde-moebliert.de\/hu\/wp-json\/wp\/v2\/pages\/38121\/revisions"}],"predecessor-version":[{"id":38600,"href":"https:\/\/fuerstenwalde-moebliert.de\/hu\/wp-json\/wp\/v2\/pages\/38121\/revisions\/38600"}],"wp:featuredmedia":[{"embeddable":true,"href":"https:\/\/fuerstenwalde-moebliert.de\/hu\/wp-json\/wp\/v2\/media\/36336"}],"wp:attachment":[{"href":"https:\/\/fuerstenwalde-moebliert.de\/hu\/wp-json\/wp\/v2\/media?parent=38121"}],"curies":[{"name":"wp","href":"https:\/\/api.w.org\/{rel}","templated":true}]}}