{"id":37342,"date":"2022-06-30T12:52:35","date_gmt":"2022-06-30T10:52:35","guid":{"rendered":"https:\/\/fuerstenwalde-moebliert.de\/impresszum\/"},"modified":"2023-01-09T11:52:44","modified_gmt":"2023-01-09T10:52:44","slug":"impresszum","status":"publish","type":"page","link":"https:\/\/fuerstenwalde-moebliert.de\/hu\/impresszum\/","title":{"rendered":"Impresszum"},"content":{"rendered":"<div  class='flex_column av-p5l2vt-7b267c7ee944352ce5cdac0a43374f05 av_one_full  avia-builder-el-0  avia-builder-el-no-sibling  first flex_column_div  '     ><p><section  class='av_textblock_section av-l50wp72r-da3b89215a741c0aef3a5e669431902d '   itemscope=\"itemscope\" itemtype=\"https:\/\/schema.org\/CreativeWork\" ><div class='avia_textblock'  itemprop=\"text\" ><p>A <a href=\"https:\/\/fuerstenwalde-moebliert.de\/hu\/\">F\u00fcrstenwalde-i b\u00fatorozott lak\u00e1sok \u00e9s b\u00fatorozott szob\u00e1k weboldal\u00e1nak<\/a> \u00fczemeltet\u0151je: J\u00f6rn Seidenschnur, Seepromenade 60, 14476 Potsdam, e-mail <a href=\"mailto:jseidenschnur@gmail.com\" target=\"_blank\" rel=\"noopener\">jseidenschnur@gmail.com<\/a> Tel. 0174-1836720<\/p>\n<\/div><\/section><br \/>\n<\/p><\/div>\n","protected":false},"excerpt":{"rendered":"","protected":false},"author":1,"featured_media":0,"parent":0,"menu_order":0,"comment_status":"closed","ping_status":"closed","template":"","meta":{"footnotes":""},"class_list":["post-37342","page","type-page","status-publish","hentry"],"_links":{"self":[{"href":"https:\/\/fuerstenwalde-moebliert.de\/hu\/wp-json\/wp\/v2\/pages\/37342","targetHints":{"allow":["GET"]}}],"collection":[{"href":"https:\/\/fuerstenwalde-moebliert.de\/hu\/wp-json\/wp\/v2\/pages"}],"about":[{"href":"https:\/\/fuerstenwalde-moebliert.de\/hu\/wp-json\/wp\/v2\/types\/page"}],"author":[{"embeddable":true,"href":"https:\/\/fuerstenwalde-moebliert.de\/hu\/wp-json\/wp\/v2\/users\/1"}],"replies":[{"embeddable":true,"href":"https:\/\/fuerstenwalde-moebliert.de\/hu\/wp-json\/wp\/v2\/comments?post=37342"}],"version-history":[{"count":1,"href":"https:\/\/fuerstenwalde-moebliert.de\/hu\/wp-json\/wp\/v2\/pages\/37342\/revisions"}],"predecessor-version":[{"id":37343,"href":"https:\/\/fuerstenwalde-moebliert.de\/hu\/wp-json\/wp\/v2\/pages\/37342\/revisions\/37343"}],"wp:attachment":[{"href":"https:\/\/fuerstenwalde-moebliert.de\/hu\/wp-json\/wp\/v2\/media?parent=37342"}],"curies":[{"name":"wp","href":"https:\/\/api.w.org\/{rel}","templated":true}]}}