{"id":37336,"date":"2022-06-23T18:05:07","date_gmt":"2022-06-23T16:05:07","guid":{"rendered":"https:\/\/fuerstenwalde-moebliert.de\/404-hiba-uuuhps-de-nem-rossz\/"},"modified":"2023-01-09T11:51:36","modified_gmt":"2023-01-09T10:51:36","slug":"404-hiba-uuuhps-de-nem-rossz","status":"publish","type":"page","link":"https:\/\/fuerstenwalde-moebliert.de\/hu\/404-hiba-uuuhps-de-nem-rossz\/","title":{"rendered":"404 hiba &#8211; uuuhps, de nem rossz!"},"content":{"rendered":"<div  class='flex_column av-ig7y8d-f9e6d6d21ae240c6012d45a3a1c86840 av_one_full  avia-builder-el-0  el_before_av_one_full  avia-builder-el-first  first flex_column_div  '     ><section  class='av_textblock_section av-l4r7sjtb-d9ea96166b1f683ff6ecc3e71d166c47 '   itemscope=\"itemscope\" itemtype=\"https:\/\/schema.org\/CreativeWork\" ><div class='avia_textblock'  itemprop=\"text\" ><p>Hopp\u00e1, ennek nem kellett volna megt\u00f6rt\u00e9nnie. A Tekkie &#8222;404&#8221;-nek nevezi azt, amikor egy link egy olyan oldalra vezet, amely nem l\u00e9tezik (m\u00e1r).<\/p>\n<p>A legjobb, ha a <a href=\"https:\/\/fuerstenwalde-moebliert.de\/hu\/\">F\u00fcrstenwalde-i apartmanok \u00e9s motelszob\u00e1k honlapj\u00e1ra<\/a> n\u00e9z. A list\u00e1k alj\u00e1n k\u00fcl\u00f6n-k\u00fcl\u00f6n tal\u00e1lja \u0151ket.<\/p>\n<\/div><\/section><\/div>\n<div  class='flex_column av-av_one_full-a961ec8c42a44a397321d1a2224da3ca av_one_full  avia-builder-el-2  el_after_av_one_full  avia-builder-el-last  first flex_column_div  column-top-margin'     ><\/div>\n","protected":false},"excerpt":{"rendered":"","protected":false},"author":1,"featured_media":36642,"parent":0,"menu_order":0,"comment_status":"closed","ping_status":"closed","template":"","meta":{"footnotes":""},"class_list":["post-37336","page","type-page","status-publish","has-post-thumbnail","hentry"],"_links":{"self":[{"href":"https:\/\/fuerstenwalde-moebliert.de\/hu\/wp-json\/wp\/v2\/pages\/37336","targetHints":{"allow":["GET"]}}],"collection":[{"href":"https:\/\/fuerstenwalde-moebliert.de\/hu\/wp-json\/wp\/v2\/pages"}],"about":[{"href":"https:\/\/fuerstenwalde-moebliert.de\/hu\/wp-json\/wp\/v2\/types\/page"}],"author":[{"embeddable":true,"href":"https:\/\/fuerstenwalde-moebliert.de\/hu\/wp-json\/wp\/v2\/users\/1"}],"replies":[{"embeddable":true,"href":"https:\/\/fuerstenwalde-moebliert.de\/hu\/wp-json\/wp\/v2\/comments?post=37336"}],"version-history":[{"count":1,"href":"https:\/\/fuerstenwalde-moebliert.de\/hu\/wp-json\/wp\/v2\/pages\/37336\/revisions"}],"predecessor-version":[{"id":37337,"href":"https:\/\/fuerstenwalde-moebliert.de\/hu\/wp-json\/wp\/v2\/pages\/37336\/revisions\/37337"}],"wp:featuredmedia":[{"embeddable":true,"href":"https:\/\/fuerstenwalde-moebliert.de\/hu\/wp-json\/wp\/v2\/media\/36642"}],"wp:attachment":[{"href":"https:\/\/fuerstenwalde-moebliert.de\/hu\/wp-json\/wp\/v2\/media?parent=37336"}],"curies":[{"name":"wp","href":"https:\/\/api.w.org\/{rel}","templated":true}]}}